{"id":964,"date":"2020-09-17T00:13:00","date_gmt":"2020-09-17T00:13:00","guid":{"rendered":"http:\/\/cp.sen-immo.de\/?page_id=964"},"modified":"2022-10-27T05:34:07","modified_gmt":"2022-10-27T03:34:07","slug":"haftungsausschluss-impressum","status":"publish","type":"page","link":"https:\/\/www.cityports.com\/en\/haftungsausschluss-impressum\/","title":{"rendered":"Haftungsausschluss \/ Impressum"},"content":{"rendered":"<div data-elementor-type=\"wp-page\" data-elementor-id=\"964\" class=\"elementor elementor-964\" data-elementor-settings=\"[]\">\n\t\t\t\t\t\t<div class=\"elementor-inner\">\n\t\t\t\t\t\t\t<div class=\"elementor-section-wrap\">\n\t\t\t\t\t\t\t<section class=\"elementor-section elementor-top-section elementor-element elementor-element-3d6c01d elementor-section-boxed elementor-section-height-default elementor-section-height-default\" data-id=\"3d6c01d\" data-element_type=\"section\">\n\t\t\t\t\t\t<div class=\"elementor-container elementor-column-gap-default\">\n\t\t\t\t\t\t\t<div class=\"elementor-row\">\n\t\t\t\t\t<div class=\"elementor-column elementor-col-100 elementor-top-column elementor-element elementor-element-f269038\" data-id=\"f269038\" data-element_type=\"column\">\n\t\t\t<div class=\"elementor-column-wrap elementor-element-populated\">\n\t\t\t\t\t\t\t<div class=\"elementor-widget-wrap\">\n\t\t\t\t\t\t<div class=\"elementor-element elementor-element-ac558e2 elementor-widget elementor-widget-text-editor\" data-id=\"ac558e2\" data-element_type=\"widget\" data-widget_type=\"text-editor.default\">\n\t\t\t\t<div class=\"elementor-widget-container\">\n\t\t\t\t\t<div class=\"elementor-text-editor elementor-clearfix\"><div><strong>PanStreet International GmbH<\/strong><\/div><div>\u00a0<\/div><div>Gesch\u00e4ftsf\u00fchrer: Michael Schweers\u00a0<\/div><div>HRB: 5913 AG Neuss \u00b7 UST-IDNr.: DE 120 582 828<\/div><div>\u00a0<\/div><div>Rudolf-Diesel-Str. 18<br \/>D-40670 Meerbusch<br \/>Tel: 0 2159 5292-0<br \/>Fax: 0 2159 5292-35<\/div><div><div>\u00a0<\/div><div>E-Mail:\u00a0<span id=\"cloak5bfb84893658492691d08f3cce6d3c1a\"><a href=\"mailto:info@PanStreet.com\">info@PanStreet.com<\/a><\/span><\/div><div>\u00a0<\/div><div>\u00a0<\/div><div><em><strong><span id=\"result_box\" class=\"short_text\" lang=\"nl\"><span id=\"result_box\" class=\"short_text\" lang=\"de\">Haftungsausschluss und Nutzungsbedingungen<\/span><\/span><\/strong><\/em><\/div><div>\u00a0<\/div><div>\u00a0<\/div><\/div><p>PanStreet International GmbH (\u201cWir\u201d, \u201cUnser\u201d, \u201cUns\u201d)<\/p><p><span id=\"result_box\" class=\"short_text\" lang=\"de\">Haftungsausschluss \/ Nutzungsbedingungen unserer Website<\/span><\/p><p>\u00a0<\/p><p><span id=\"result_box\" lang=\"de\">Die Nutzung unserer Website unterliegt den folgenden Haftungsausschl\u00fcssen und Nutzungsbedingungen, die von Zeit zu Zeit ge\u00e4ndert werden k\u00f6nnen.<\/span><\/p><p>\u00a0<\/p><p><em><strong><span id=\"result_box\" lang=\"de\"><span title=\"Copyright and Other Proprietary Rights.\">Urheberrecht und andere Schutzrechte. <\/span><\/span><\/strong><\/em> Die vorliegenden Inhalte des Internetauftritts von Schweers sind urheberrechtlich gesch\u00fctzt. Alle Rechte sind vorbehalten. Mit Ausnahme der ggfs. angebotenen Downloads zur Verwendung in der Originalfassung verst\u00f6\u00dft die Verwendung der Texte und Abbildungen, auch auszugsweise, ohne die vorherige schriftliche Zustimmung von Schweers gegen die Bestimmungen des Urheberrechts und ist damit rechtswidrig. Dies gilt insbesondere auch f\u00fcr alle Verwertungsrechte wie die Vervielf\u00e4ltigung, die \u00dcbersetzung oder die Verwendung in elektronischen Systemen. Auf unserer Website werden eingetragene Marken, Handelsnamen, Gebrauchsmuster und Logos verwendet. Auch wenn diese an den jeweiligen Stellen nicht als solche gekennzeichnet sind, gelten die entsprechenden gesetzlichen Bestimmungen.<\/p><p>\u00a0<\/p><p>Mit Urteil vom 12. Mai 1998 hat das Landgericht Hamburg entschieden, dass man durch die Einsetzung von Links die Inhalte der gelinkten Seiten ggfs. mit zu verantworten hat. Dies kann nur dadurch verhindert werden, dass man sich ausdr\u00fccklich von diesen Inhalten distanziert. Wir haben auf unserer Seite Links zu anderen Webseiten eingebunden. F\u00fcr all diese Links gilt: Wir betonen ausdr\u00fccklich, dass wir keinerlei Einfluss auf die Gestaltung und die Inhalte der gelinkten Seiten haben. Deshalb distanzieren wir uns hiermit ausdr\u00fccklich von allen Inhalten aller gelinkten Seiten.<\/p><p>\u00a0<\/p><p><em>Datenschutzerkl\u00e4rung<\/em>. Bei der PanStreet International GmbH hat ein verantwortungsbewusster Umgang mit personenbezogenen Daten hohe Priorit\u00e4t. Wir m\u00f6chten Sie daher informieren, wann wir welche Daten erheben und wie sie verwendet werden. Wir haben technische und organisatorische Ma\u00dfnahmen getroffen, dass die Vorschriften \u00fcber den Datenschutz sowohl von uns als auch von unseren Auftragsverarbeitern beachtet werden. Bei der Weiterentwicklung unserer Webseiten k\u00f6nnen \u00c4nderungen dieser Datenschutzerkl\u00e4rung erforderlich werden. Dies gilt auch f\u00fcr den Einsatz neuer Technologien. Zugriff auf unser Internetangebot wird in einer Protokolldatei f\u00fcr eine begrenzte Zeit mit folgenden Daten gespeichert:<\/p><p>\u00a0<\/p><p>\u2022 Datum und Uhrzeit des Abrufs<\/p><p><em>\u2022<\/em> Anfragedetails und Zieladresse<\/p><p>\u2022 Name der abgerufenen Datei und \u00fcbertragene Datenmenge<\/p><p>\u2022 Meldung, ob der Abruf erfolgreich war<\/p><p>\u00a0<\/p><p>Diese Daten werden f\u00fcr statistische Zwecke ausgewertet. Es erfolgt keine personenbezogene Auswertung uns auch keine Profilbildung.<\/p><p>\u00a0<\/p><p><em><strong>Einsatz von Cookies und Analysetools<\/strong><\/em><em><strong>.<\/strong><\/em>\u00a0 \u201eDiese Website benutzt Google Analytics, einen Webanalysedienst der Google Inc. (\u201eGoogle&#8220;). Google Analytics verwendet sog. \u201eCookies&#8220;, Textdateien, die auf Ihrem Computer gespeichert werden und die eine Analyse der Benutzung der Website durch Sie erm\u00f6glichen. Die durch den Cookie erzeugten Informationen \u00fcber Ihre Benutzung dieser Website (einschlie\u00dflich Ihrer IP-Adresse) wird an einen Server von Google in den USA \u00fcbertragen und dort gespeichert. Google wird diese Informationen benutzen, um Ihre Nutzung der Website auszuwerten, um Reports \u00fcber die Websiteaktivit\u00e4ten f\u00fcr die Websitebetreiber zusammenzustellen und um weitere mit der Websitenutzung und der Internetnutzung verbundene Dienstleistungen zu erbringen. Auch wird Google diese Informationen gegebenenfalls an Dritte \u00fcbertragen, sofern dies gesetzlich vorgeschrieben oder soweit Dritte diese Daten im Auftrag von Google verarbeiten. Google wird in keinem Fall Ihre IP-Adresse mit anderen Daten von Google in Verbindung bringen. Sie k\u00f6nnen die Installation der Cookies durch eine entsprechende Einstellung Ihrer Browser Software verhindern; wir weisen Sie jedoch darauf hin, dass Sie in diesem Fall gegebenenfalls nicht s\u00e4mtliche Funktionen dieser Website vollumf\u00e4nglich nutzen k\u00f6nnen. Durch die Nutzung dieser Website erkl\u00e4ren Sie sich mit der Bearbeitung der \u00fcber Sie erhobenen Daten durch Google in der zuvor beschriebenen Art und Weise und zu dem zuvor benannten Zweck einverstanden.&#8220; Das Deaktivierungs-Add-on f\u00fcr Browser von Google Analytics gibt dem Website-Besucher mehr Kontrolle dar\u00fcber, welche Daten zu aufgerufenen Websites von Google Analytics erfasst werden. Das Add-on teilt dem JavaScript (ga.js) von Google Analytics mit, dass keine Informationen \u00fcber den Website-Besuch an Google Analytics \u00fcbermittelt werden sollen. Falls Sie diese Funktion nutzen m\u00f6chten, laden Sie das Add-on herunter (Zum Download)und installieren Sie es f\u00fcr Ihren aktuellen Webbrowser. Das Deaktivierungs-Add-on f\u00fcr Browser von Google Analytics ist f\u00fcr Internet Explorer (7 und 8), Google Chrome (4.x und h\u00f6her) und Mozilla Firefox (3.5 und h\u00f6her) verf\u00fcgbar.<\/p><p>\u00a0<\/p><p><em><strong>Weitergabe personenbezogener Daten an Dritte.<\/strong><\/em> Die Weitergabe von Daten an Dritte, zu kommerziellen oder nichtkommerziellen Zwecken, findet nicht statt. Daten, die beim Zugriff auf unser Internetangebot protokolliert wurden, werden an Dritte nur \u00fcbermittelt, soweit wir gesetzlich dazu verpflichtet sind.<br \/>Im Falle einer Anfrage oder Bestellung von Informationsmaterial verwenden wir die von Ihnen eingegebenen personenbezogenen Informationen nur innerhalb der Schweers Consult GmbH und den mit der Abwicklung Ihres Anliegens beauftragten Unternehmen.<\/p><p>\u00a0<\/p><p><em><strong>Bestellungen, Anfragen und sonstige Kontakte. <\/strong><\/em>Bei Kontaktaufnahme wird nach Ihrem Namen und anderen pers\u00f6nlichen Informationen gefragt. Ihre angegebenen pers\u00f6nlichen Daten werden nur f\u00fcr die Abwicklung Ihres Anliegens verwandt. Dies schlie\u00dft die Weitergabe an Vertriebsfirmen, die von uns beauftragt werden, mit ein. Die Verwendung Ihrer Daten erfolgt ausschlie\u00dflich f\u00fcr die Verarbeitung von Auftr\u00e4gen oder Korrespondenz mit Ihnen. Die Daten sind dabei auf gesch\u00fctzten Servern in Deutschland gespeichert. Der Zugriff darauf ist nur wenigen, f\u00fcr die technisch-administrative Betreuung der Server zust\u00e4ndigen befugten Personen m\u00f6glich.<\/p><p>\u00a0<\/p><p><em><strong>Datenschutzerkl\u00e4rung f\u00fcr die sozialen Medien. <\/strong><\/em>Es ist gegenw\u00e4rtig rechtlich nicht abschlie\u00dfend gekl\u00e4rt, ob und inwieweit alle Netzwerke ihre Dienste im Einklang mit europ\u00e4ischen datenschutzrechtlichen Bestimmungen anbieten. Wir machen daher ausdr\u00fccklich darauf aufmerksam, dass die von uns genutzte Dienste wie z.B. Facebook, Twitter, Xing und LinkedIn die Daten ihrer Nutzerinnen und Nutzer (z.B. pers\u00f6nliche Informationen, IP-Adresse ) entsprechend ihrer Datenverwendungsrichtlinien abspeichern und f\u00fcr gesch\u00e4ftliche Zwecke nutzen und wir auf die Datenerhebung und deren weitere Verwendung durch die sozialen Netzwerke keinen Einfluss haben.<\/p><p>\u00a0<\/p><p><strong><em>Links zu Webseiten anderer Anbieter.<\/em> <\/strong>Wir haben auf unserer Seite Links zu anderen Webseiten eingebunden. F\u00fcr all diese Links gilt: Wir haben keinen Einfluss darauf, dass diese Anbieter die Datenschutzbestimmungen einhalten.<\/p><p>\u00a0<\/p><p>\u00a9 2010-2020 PanStreet International GmbH<\/p><\/div>\n\t\t\t\t<\/div>\n\t\t\t\t<\/div>\n\t\t\t\t\t\t<\/div>\n\t\t\t\t\t<\/div>\n\t\t<\/div>\n\t\t\t\t\t\t\t\t<\/div>\n\t\t\t\t\t<\/div>\n\t\t<\/section>\n\t\t\t\t\t\t<\/div>\n\t\t\t\t\t\t<\/div>\n\t\t\t\t\t<\/div>","protected":false},"excerpt":{"rendered":"<p>PanStreet International GmbH&nbsp;Gesch\u00e4ftsf\u00fchrer: Michael Schweers&nbsp;HRB: 5913 AG Neuss \u00b7 UST-IDNr.: DE 120 582 828&nbsp;Rudolf-Diesel-Str. 18 D-40670 Meerbusch Tel: 0 2159 5292-0 Fax: 0 2159 5292-35&nbsp;E-Mail:&nbsp;info@PanStreet.com&nbsp;&nbsp;Haftungsausschluss und Nutzungsbedingungen&nbsp;&nbsp; PanStreet International GmbH (\u201cWir\u201d, \u201cUnser\u201d, \u201cUns\u201d) Haftungsausschluss \/ Nutzungsbedingungen unserer Website Die Nutzung unserer Website unterliegt den folgenden Haftungsausschl\u00fcssen und Nutzungsbedingungen, die von Zeit zu Zeit ge\u00e4ndert werden [&hellip;]<\/p>","protected":false},"author":3,"featured_media":0,"parent":0,"menu_order":0,"comment_status":"closed","ping_status":"closed","template":"page-templates\/fullwidth-content.php","meta":[],"_links":{"self":[{"href":"https:\/\/www.cityports.com\/en\/wp-json\/wp\/v2\/pages\/964"}],"collection":[{"href":"https:\/\/www.cityports.com\/en\/wp-json\/wp\/v2\/pages"}],"about":[{"href":"https:\/\/www.cityports.com\/en\/wp-json\/wp\/v2\/types\/page"}],"author":[{"embeddable":true,"href":"https:\/\/www.cityports.com\/en\/wp-json\/wp\/v2\/users\/3"}],"replies":[{"embeddable":true,"href":"https:\/\/www.cityports.com\/en\/wp-json\/wp\/v2\/comments?post=964"}],"version-history":[{"count":1,"href":"https:\/\/www.cityports.com\/en\/wp-json\/wp\/v2\/pages\/964\/revisions"}],"predecessor-version":[{"id":1128,"href":"https:\/\/www.cityports.com\/en\/wp-json\/wp\/v2\/pages\/964\/revisions\/1128"}],"wp:attachment":[{"href":"https:\/\/www.cityports.com\/en\/wp-json\/wp\/v2\/media?parent=964"}],"curies":[{"name":"wp","href":"https:\/\/api.w.org\/{rel}","templated":true}]}}